{"id":1277,"date":"2017-03-13T19:54:45","date_gmt":"2017-03-13T18:54:45","guid":{"rendered":"http:\/\/www5.uva.es\/hermeneus\/?page_id=1277"},"modified":"2021-03-23T22:05:34","modified_gmt":"2021-03-23T21:05:34","slug":"home-2","status":"publish","type":"page","link":"https:\/\/www5.uva.es\/hermeneus\/?page_id=1277&lang=en","title":{"rendered":"Home"},"content":{"rendered":"<p style=\"text-align: center;\"><img decoding=\"async\" src=\"images\/hermeneus.png\" alt=\"\" \/><\/p>\n<p style=\"text-align: center; font: 150%;\"><strong><em>HERM\u0112NEUS<\/em> REPOSITORIES AND INDEX BASES<\/strong><\/p>\n<p style=\"text-align: justify;\"><em>The links to all repositories and index bases listed below can be accessed through the Herm\u0113neus Project web page,<\/em> <a style=\"color:#880000\" style=\"color:#880000\" href=\"http:\/\/www5.uva.es\/hermeneus\/\">http:\/\/www5.uva.es\/hermeneus\/<\/a><\/p>\n<p style=\"text-align: justify;\">The bibliographic information of the overall Herm\u0113neus Project as well as the articles published in <em>Herm\u0113neus. Revista de Traducci\u00f3n e Interpretaci\u00f3n<\/em> [<em>Herm\u0113neus. Journal of Translation and Interpreting<\/em>] is gathered in the following <strong>abstract, repository, and index bases<\/strong>: the Web of Science (WoS) Core Collection\/<a style=\"color:#880000\" href=\"http:\/\/ip-science.thomsonreuters.com\/cgi-bin\/jrnlst\/jlresults.cgi?PC=MASTER&#038;Word=hermeneus\">Emerging Sources Citation Index (ISCE)<\/a>, the Repositorio Espa\u00f1ol de Ciencia y Tecnolog\u00eda (RECYT) of the Fundaci\u00f3n Espa\u00f1ola para la Ciencia y la Tecnolog\u00eda (<a style=\"color:#880000\" href=\"http:\/\/recyt.fecyt.es\/index.php\/HS\">FECYT<\/a>) [Spanish Repository of Science and Technology of the Spanish Foundation for Science and Technology], the bibligraphical database of the CSIC <a style=\"color:#880000\" href=\"https:\/\/indices.app.csic.es\/bddoc-internet\/pages\/inicio.html\">\u00cdnDICEs-CSIC<\/a>, the bibliographical portal <a style=\"color:#880000\" href=\"http:\/\/dialnet.unirioja.es\/servlet\/revista?codigo=642\">Dialnet Plus<\/a>, the platform Red Iberoamericana de Innovaci\u00f3n y Conocimiento Cient\u00edfico (<a style=\"color:#880000\" href=\"https:\/\/www.redib.org\/Record\/oai_revista3919-herm\u0113neus-revista-de-traducci\u00f3n-e-interpretaci\u00f3n\">REDIB<\/a>) [Ibero-American Network for Innovation and Scientific Knowledge], as well as <a style=\"color:#880000\" href=\"http:\/\/ulrichsweb.serialssolutions.com\/login\">Ulrich&#8217;s Web<\/a>, the database <a style=\"color:#880000\" href=\"https:\/\/titlelist.gale.com\/titlelist\/IFME\/htmln\">Informe Acad\u00e9mico<\/a> (<a style=\"color:#880000\" href=\"https:\/\/galeapps.gale.com\/apps\/auth?userGroupName=&#038;sid=kbart&#038;origURL=https%3A%2F%2Fgo.gale.com%2Fps%2Fi.do%3Fp%3DIFME%26u%3D%26id%3DGALE|6RRR%26v%3D2.1%26it%3DaboutJournal%26sid%3Dkbart&#038;prodId=IFME\">en Gale OneFile<\/a>) and the institutional repository <a style=\"color:#880000\" href=\"http:\/\/uvadoc.uva.es\/handle\/10324\/5268\">UVaDoc<\/a>. Among all these resources, <a style=\"color:#880000\" href=\"https:\/\/recyt.fecyt.es\/\">FECYT<\/a> <a style=\"color:#880000\" href=\"http:\/\/uvadoc.uva.es\/handle\/10324\/5268\">UVaDoc<\/a> and <a style=\"color:#880000\" href=\"https:\/\/dialnet.unirioja.es\/servlet\/revista?codigo=642\">Dialnet Plus<\/a> offer full text open access to all articles published in <em>Herm\u0113neus<\/em>. The <strong>evaluation of the circulation and impact<\/strong> of our journal may be consulted on the web sites of the following projects and products: the database <a style=\"color:#880000\" href=\"https:\/\/www.elsevier.com\/solutions\/scopus\">SCOPUS<\/a> (Scimago Journal &#038; Country Rank [SJR]: Arts and Humanities \/ Language and Linguistics) [<a style=\"color:#880000\" href=\"http:\/\/www.scimagojr.com\/journalsearch.php?q=5800207697&#038;tip=sid&#038;clean=0\">Impact factor: 0,11\/Q3 (2019); 0,235\/Q2 (2017)<\/a>],  <a style=\"color:#880000\" href=\"https:\/\/dbh.nsd.uib.no\/publiseringskanaler\/erihplus\/periodical\/info.action?id=482923\">European Reference Index for the Humanities (ERIH Plus)<\/a> of the European Science Foundation (EFS), <a style=\"color:#880000\" href=\"http:\/\/epuc.cchs.csic.es\/dice\/revista.php?rev=1139-7489\">DICE<\/a> (Difusi\u00f3n y calidad de las revistas espa\u00f1olas de humanidades y ciencias sociales y jur\u00eddicas) [Circulation and quality of the Spanish journals of humanities, social sciences and law], <a style=\"color:#880000\" href=\"http:\/\/epuc.cchs.csic.es\/resh\/\">RESH<\/a> (Resultados del an\u00e1lisis de las revistas espa\u00f1olas de ciencias sociales y humanas desde el punto de vista de su calidad) [Results of the analysis of the Spanish journals of human and social sciences from the viewpoint of their quality], <a style=\"color:#880000\" href=\"http:\/\/miar.ub.edu\/issn\/1139-7489\">MIAR<\/a> (Matriu d&#8217;Informaci\u00f3 per a l&#8217;avaluaci\u00f3 de revistes, versi\u00f3n de 2010) [Information matrix for the evaluation of journals, version 2010], CARHUS+ (<a style=\"color:#880000\" href=\"http:\/\/agaur.gencat.cat\/ca\/avaluacio\/carhus\/carhus-plus-2014\/\">version 2014<\/a> and <a style=\"color:#880000\" href=\"https:\/\/agaur.gencat.cat\/es\/avaluacio\/carhus\/\">version 2018<\/a>), <a style=\"color:#880000\" href=\"https:\/\/www.bib.uab.cat\/human\/acreditacions\/planes\/publiques\/revistes\/revistesidcas.php?idrev=145&#038;area=eti&#038;menuidioma=cas#.X8Dkrc1KiUk\">RETI<\/a> (Portal sobre informaci\u00f3n de revistas cient\u00edficas del \u00e1rea de conocimiento de Estudios de Traducci\u00f3n e Interpretaci\u00f3n) [Information portal on Translation and Interpreting scientific journals], the <a style=\"color:#880000\" href=\"https:\/\/www.latindex.org\/latindex\/ficha?folio=28870\">LATINDEX<\/a> catalogue 2.0 (Publicaciones cient\u00edficas seriadas de Am\u00e9rica Latina, el Caribe, Espa\u00f1a y Portugal) [Serial scientific publications from Latin America, Spain and Portugal] and <a style=\"color:#880000\" href=\"https:\/\/noaa.cabells.com\/about-journalytics\">Journalytics<\/a> (Cabells Scholarly Analytics).<\/p>\n<p style=\"text-align: justify;\">The above-mentioned bibliographic information may also be accessed in the collective catalogues of <a style=\"color:#880000\" href=\"http:\/\/www.sudoc.abes.fr\/DB=2.1\/SRCH?IKT=12&#038;TRM=048721646&#038;COOKIE=U10178,Klecteurweb,I250,B341720009+,SY,NLECTEUR+WEBOPC,D2.1,Eed1a84c7-0,A,H,R88.4.112.37,FY\">SUDOC<\/a> (France), <a style=\"color:#880000\" href=\"https:\/\/zdb-katalog.de\/title.xhtml?idn=1032120932&#038;tab=2\">ZDB<\/a> (Germany) and <a style=\"color:#880000\" href=\"https:\/\/discover.libraryhub.jisc.ac.uk\/search?q=HERMENEUS&#038;rn=1\">Jist Lybrary Hub Discover-Copac<\/a> (Great Britain).<\/p>\n<p style=\"text-align: justify;\">The texts published in <em>Herm\u0113neus<\/em> can be found in the following <strong>specialized databases<\/strong>: <a style=\"color:#880000\" href=\"https:\/\/www.mla.org\/Publications\/MLA-International-Bibliography\">MLA International Bibliography\/Directory of Periodicals<\/a>, <a style=\"color:#880000\" href=\"https:\/\/about.proquest.com\/products-services\/llba-set-c.html\">Linguistics and Language Behaviour Abstracts (CSA)<\/a>, <a style=\"color:#880000\" href=\"https:\/\/dti.ua.es\/es\/bitra\/introduccion.html\">BITRA<\/a> (Bibliography of Interpreting and Translation) of the University of Alicante, Spain, <a style=\"color:#880000\" href=\"http:\/\/www.proquest.com\/products-services\/bhi-set-c.html\">Humanities Index<\/a> (HI), <a style=\"color:#880000\" href=\"http:\/\/www.linguisticsabstracts.com\/\">Linguistics Abstracts<\/a> (LABS\/EBSCO) and <a style=\"color:#880000\" href=\"https:\/\/www.ebscohost.com\/academic\/humanities-source\">Humanities Source<\/a> (HS\/EBSCO). The journal is also included in the database Translation Studies Journals (Canada).<\/p>\n<p style=\"text-align: justify;\">The bibliographic information corcerning the texts published in <em>Herm\u0113neus<\/em> may also be consulted in the <strong>database of abstracts and citations<\/strong> <a style=\"color:#880000\" href=\"https:\/\/dti.ua.es\/es\/bitra\/introduccion.html\">BITRA<\/a> (see above) and the <strong>multidisciplinary bases<\/strong> <a style=\"color:#880000\" href=\"https:\/\/pascal-francis.inist.fr\/home\/\">PASCAL and FRANCIS<\/a> of the Institut de L\u2019Information Scientifique (INIST) [Institute of the National Centre for Scientific Research] of the Centre Nacional de la Recherche Scientifique (CNRS) [National Centre for Scientific Research] \u2014until 2015\u2014 and <a style=\"color:#880000\" href=\"https:\/\/www.ebscohost.com\/academic\/fuente-academica-premier\">Fuente Acad\u00e9mica Premier<\/a> (FAP\/EBSCO), the last of which offers full text access.<\/p>\n<p style=\"text-align: justify;\">Likewise, the references to the papers published in <em>Herm\u0113neus. Revista de Traducci\u00f3n e Interpretaci\u00f3n<\/em> and Vertere. Monogr\u00e1ficos de Traducci\u00f3n e Interpretaci\u00f3n are collected in the <strong>series<\/strong>: <a style=\"color:#880000\" href=\"http:\/\/www.unizar.es\/departamentos\/filologia_inglesa\/garciala\/bibliography.html\">A Bibliography of Literary Theory, Criticism, and Philology<\/a> by J. A. Garc\u00eda Landa (University of Zaragoza, Spain), and <a style=\"color:#880000\" href=\"http:\/\/bibliographies.brillonline.com\/browse\/linguistic-bibliography\">Linguistic Bibliography \/ Bibliographie Linguistique<\/a> (Brill Academic Publishers: Leiden, The Netherlands, ISSN 0378-4592). The corresponding abstracts are included in the annotated bibliographical project <em>Translation Studies Bibliography<\/em> (John Benjamins), accessible from <a style=\"color:#880000\" href=\"https:\/\/www.benjamins.com\/online\/tsb\/\">https:\/\/www.benjamins.com\/online\/tsb\/<\/a>). <\/p>\n<p style=\"text-align: justify;\">Detailed information concering the editorial policy of <em>Herm\u0113neus<\/em> with respect to accessing its archives and to copyright can be consulted in the project <a style=\"color:#880000\" href=\"https:\/\/www.accesoabierto.net\/dulcinea\/ficha2281\">Proyecto DULCINEA<\/a>, that collects the editorial policies of Spanish research journals, based on the taxonomy established by <a style=\"color:#880000\" href=\"https:\/\/v2.sherpa.ac.uk\/romeo\/\">SHERPA-RoMEO<\/a> (University of Nottingham).<\/p>\n<p style=\"text-align: justify;\">The journal is indexed in the Directory of Open Access Journals (<a style=\"color:#880000\" href=\"https:\/\/doaj.org\/toc\/2530-609X?source={\"query\"%3A{\"filtered\"%3A{\"filter\"%3A{\"bool\"%3A{\"must\"%3A%5B{\"terms\"%3A{\"index.issn.exact\"%3A%5B\"2530-609X\"%5D}}%5D}}%2C\"query\"%3A{\"match_all\"%3A{}}}}%2C\"size\"%3A100%2C\"sort\"%3A%5B{\"created_date\"%3A{\"order\"%3A\"desc\"}}%5D%2C\"_source\"%3A{}}\">DOAJ<\/a>) from August 2019.<\/p>\n<p style=\"text-align: justify;\">Regarding academic social networks, there is full text access to all published issues of <em>Herm\u0113neus. Revista de Traducci\u00f3n e Interpretaci\u00f3n<\/em> in <a style=\"color:#880000\" href=\"https:\/\/uva-es.academia.edu\/Herm\u0113neusRevistadetraducci\u00f3neinterpretaci\u00f3n\">academia.edu<\/a>.<\/p>\n<p style=\"text-align: justify;\">The complete catalogue of all published issues of the journal <em>Herm\u0113neus. Revista de Traducci\u00f3n e Interpretaci\u00f3n<\/em>, and of the other Herm\u0113neus Project publications, can be accessed in <a style=\"color:#880000\" href=\"http:\/\/www.porticolibrerias.es\/c\/E2001HER.pdf\">cat\u00e1logo espec\u00edfico de P\u00f3rtico Librer\u00edas<\/a>, by means of which it is possible to purchase all printed issues of the journal (1-18), as well as all the volumes of the other two book series belonging to this Project: Vertere and Disbabelia.<\/p>\n","protected":false},"excerpt":{"rendered":"<p>HERM\u0112NEUS REPOSITORIES AND INDEX BASES The links to all repositories and index bases listed below can be accessed through the Herm\u0113neus Project web page, http:\/\/www5.uva.es\/hermeneus\/ The bibliographic information of the overall Herm\u0113neus Project as well as the articles published in Herm\u0113neus. Revista de Traducci\u00f3n e Interpretaci\u00f3n [Herm\u0113neus. Journal of Translation and Interpreting] is gathered in [&hellip;]<\/p>\n","protected":false},"author":1,"featured_media":0,"parent":0,"menu_order":0,"comment_status":"closed","ping_status":"closed","template":"","meta":{"footnotes":""},"class_list":["post-1277","page","type-page","status-publish","hentry"],"_links":{"self":[{"href":"https:\/\/www5.uva.es\/hermeneus\/index.php?rest_route=\/wp\/v2\/pages\/1277","targetHints":{"allow":["GET"]}}],"collection":[{"href":"https:\/\/www5.uva.es\/hermeneus\/index.php?rest_route=\/wp\/v2\/pages"}],"about":[{"href":"https:\/\/www5.uva.es\/hermeneus\/index.php?rest_route=\/wp\/v2\/types\/page"}],"author":[{"embeddable":true,"href":"https:\/\/www5.uva.es\/hermeneus\/index.php?rest_route=\/wp\/v2\/users\/1"}],"replies":[{"embeddable":true,"href":"https:\/\/www5.uva.es\/hermeneus\/index.php?rest_route=%2Fwp%2Fv2%2Fcomments&post=1277"}],"version-history":[{"count":15,"href":"https:\/\/www5.uva.es\/hermeneus\/index.php?rest_route=\/wp\/v2\/pages\/1277\/revisions"}],"predecessor-version":[{"id":2543,"href":"https:\/\/www5.uva.es\/hermeneus\/index.php?rest_route=\/wp\/v2\/pages\/1277\/revisions\/2543"}],"wp:attachment":[{"href":"https:\/\/www5.uva.es\/hermeneus\/index.php?rest_route=%2Fwp%2Fv2%2Fmedia&parent=1277"}],"curies":[{"name":"wp","href":"https:\/\/api.w.org\/{rel}","templated":true}]}}