{"id":1395,"date":"2017-03-18T19:05:10","date_gmt":"2017-03-18T18:05:10","guid":{"rendered":"http:\/\/www5.uva.es\/hermeneus\/?page_id=1395"},"modified":"2021-02-19T20:09:21","modified_gmt":"2021-02-19T19:09:21","slug":"hermeneus-4","status":"publish","type":"page","link":"https:\/\/www5.uva.es\/hermeneus\/?page_id=1395&lang=fr","title":{"rendered":"Herm\u0113neus"},"content":{"rendered":"<p style=\"text-align: center;\"><img decoding=\"async\" src=\"images\/H1.jpg\" alt=\"\" width=\"268\" height=\"400\" \/><\/p>\n<p><strong><span style=\"color: #993300;\">VOLUMES PUBLI\u00c9S:<\/span><\/strong><\/p>\n<ul>\n<li><a href=\"http:\/\/www5.uva.es\/hermeneus\/?page_id=1654&#038;lang=fr\">Volume 1 &#8211; Ann\u00e9e 1999<\/a><\/li>\n<li><a href=\"http:\/\/www5.uva.es\/hermeneus\/?page_id=1686&#038;lang=fr\">Volume 2 &#8211; Ann\u00e9e 2000<\/a><\/li>\n<li><a href=\"http:\/\/www5.uva.es\/hermeneus\/?page_id=1689&#038;lang=fr\">Volume 3 &#8211; Ann\u00e9e 2001<\/a><\/li>\n<li><a href=\"http:\/\/www5.uva.es\/hermeneus\/?page_id=1692&#038;lang=fr\">Volume 4 &#8211; Ann\u00e9e 2002<\/a><\/li>\n<li><a href=\"http:\/\/www5.uva.es\/hermeneus\/?page_id=1695&#038;lang=fr\">Volume 5 &#8211; Ann\u00e9e 2003<\/a><\/li>\n<li><a href=\"http:\/\/www5.uva.es\/hermeneus\/?page_id=1698&#038;lang=fr\">Volume 6 &#8211; Ann\u00e9e 2004<\/a><\/li>\n<li><a href=\"http:\/\/www5.uva.es\/hermeneus\/?page_id=1701&#038;lang=fr\">Volume 7 &#8211; Ann\u00e9e 2005<\/a><\/li>\n<li><a href=\"http:\/\/www5.uva.es\/hermeneus\/?page_id=1704&#038;lang=fr\">Volume 8 &#8211; Ann\u00e9e 2006<\/a><\/li>\n<li><a href=\"http:\/\/www5.uva.es\/hermeneus\/?page_id=1705&#038;lang=fr\">Volume 9 &#8211; Ann\u00e9e 2007<\/a><\/li>\n<li><a href=\"http:\/\/www5.uva.es\/hermeneus\/?page_id=1658&#038;lang=fr\">Volume 10 &#8211; Ann\u00e9e 2008<\/a><\/li>\n<li><a href=\"http:\/\/www5.uva.es\/hermeneus\/?page_id=1661&#038;lang=fr\">Volume 11 &#8211; Ann\u00e9e 2009<\/a><\/li>\n<li><a href=\"http:\/\/www5.uva.es\/hermeneus\/?page_id=1664&#038;lang=fr\">Volume 12 &#8211; Ann\u00e9e 2010<\/a><\/li>\n<li><a href=\"http:\/\/www5.uva.es\/hermeneus\/?page_id=1667&#038;lang=fr\">Volume 13 &#8211; Ann\u00e9e 2011<\/a><\/li>\n<li><a href=\"http:\/\/www5.uva.es\/hermeneus\/?page_id=1670&#038;lang=fr\">Volume 14 &#8211; Ann\u00e9e 2012<\/a><\/li>\n<li><a href=\"http:\/\/www5.uva.es\/hermeneus\/?page_id=1673&#038;lang=fr\">Volume 15 &#8211; Ann\u00e9e 2013<\/a><\/li>\n<li><a href=\"http:\/\/www5.uva.es\/hermeneus\/?page_id=1676&#038;lang=fr\">Volume 16 &#8211; Ann\u00e9e 2014<\/a><\/li>\n<li><a href=\"http:\/\/www5.uva.es\/hermeneus\/?page_id=1679&#038;lang=fr\">Volume 17 &#8211; Ann\u00e9e 2015<\/a><\/li>\n<li><a href=\"http:\/\/www5.uva.es\/hermeneus\/?page_id=1683&#038;lang=fr\">Volume 18 &#8211; Ann\u00e9e 2016<\/a><\/li>\n<li><a href=\"https:\/\/revistas.uva.es\/index.php\/hermeneus\/issue\/view\/86\">Volume 19 &#8211; Ann\u00e9e 2017<\/a><\/li>\n<li><a href=\"https:\/\/revistas.uva.es\/index.php\/hermeneus\/issue\/view\/166\">Volume 20 &#8211; Ann\u00e9e 2018<\/a><\/li>\n<li><a href=\"https:\/\/revistas.uva.es\/index.php\/hermeneus\/issue\/view\/236\">Volume 21 &#8211; Ann\u00e9e 2019<\/a><\/li>\n<li><a href=\"https:\/\/revistas.uva.es\/index.php\/hermeneus\/issue\/view\/266\">Volume 22 &#8211; Ann\u00e9e 2020<\/a><\/li>\n<\/ul>\n","protected":false},"excerpt":{"rendered":"<p>VOLUMES PUBLI\u00c9S: Volume 1 &#8211; Ann\u00e9e 1999 Volume 2 &#8211; Ann\u00e9e 2000 Volume 3 &#8211; Ann\u00e9e 2001 Volume 4 &#8211; Ann\u00e9e 2002 Volume 5 &#8211; Ann\u00e9e 2003 Volume 6 &#8211; Ann\u00e9e 2004 Volume 7 &#8211; Ann\u00e9e 2005 Volume 8 &#8211; Ann\u00e9e 2006 Volume 9 &#8211; Ann\u00e9e 2007 Volume 10 &#8211; Ann\u00e9e 2008 Volume 11 &#8211; [&hellip;]<\/p>\n","protected":false},"author":1,"featured_media":0,"parent":0,"menu_order":1,"comment_status":"closed","ping_status":"closed","template":"","meta":{"footnotes":""},"class_list":["post-1395","page","type-page","status-publish","hentry"],"_links":{"self":[{"href":"https:\/\/www5.uva.es\/hermeneus\/index.php?rest_route=\/wp\/v2\/pages\/1395","targetHints":{"allow":["GET"]}}],"collection":[{"href":"https:\/\/www5.uva.es\/hermeneus\/index.php?rest_route=\/wp\/v2\/pages"}],"about":[{"href":"https:\/\/www5.uva.es\/hermeneus\/index.php?rest_route=\/wp\/v2\/types\/page"}],"author":[{"embeddable":true,"href":"https:\/\/www5.uva.es\/hermeneus\/index.php?rest_route=\/wp\/v2\/users\/1"}],"replies":[{"embeddable":true,"href":"https:\/\/www5.uva.es\/hermeneus\/index.php?rest_route=%2Fwp%2Fv2%2Fcomments&post=1395"}],"version-history":[{"count":23,"href":"https:\/\/www5.uva.es\/hermeneus\/index.php?rest_route=\/wp\/v2\/pages\/1395\/revisions"}],"predecessor-version":[{"id":2534,"href":"https:\/\/www5.uva.es\/hermeneus\/index.php?rest_route=\/wp\/v2\/pages\/1395\/revisions\/2534"}],"wp:attachment":[{"href":"https:\/\/www5.uva.es\/hermeneus\/index.php?rest_route=%2Fwp%2Fv2%2Fmedia&parent=1395"}],"curies":[{"name":"wp","href":"https:\/\/api.w.org\/{rel}","templated":true}]}}